{"id":2254,"date":"2025-06-11T23:19:59","date_gmt":"2025-06-11T23:19:59","guid":{"rendered":"https:\/\/firedynamicsolutions.com\/sobre-nosotros\/"},"modified":"2025-09-03T14:18:08","modified_gmt":"2025-09-03T14:18:08","slug":"sobre-nosotros","status":"publish","type":"page","link":"https:\/\/firedynamicsolutions.com\/es\/sobre-nosotros\/","title":{"rendered":"Sobre nosotros"},"content":{"rendered":"\t\t<div data-elementor-type=\"wp-page\" data-elementor-id=\"2254\" class=\"elementor elementor-2254 elementor-138\" data-elementor-post-type=\"page\">\n\t\t\t\t\t\t<section class=\"elementor-section elementor-top-section elementor-element elementor-element-1fca3388 elementor-section-height-min-height elementor-section-content-middle elementor-section-boxed elementor-section-height-default elementor-section-items-middle\" data-id=\"1fca3388\" data-element_type=\"section\" data-settings=\"{&quot;background_background&quot;:&quot;classic&quot;}\">\n\t\t\t\t\t\t\t<div class=\"elementor-background-overlay\"><\/div>\n\t\t\t\t\t\t\t<div class=\"elementor-container elementor-column-gap-no\">\n\t\t\t\t\t<div class=\"elementor-column elementor-col-100 elementor-top-column elementor-element elementor-element-44a06e90\" data-id=\"44a06e90\" data-element_type=\"column\" data-settings=\"{&quot;background_background&quot;:&quot;classic&quot;}\">\n\t\t\t<div class=\"elementor-widget-wrap elementor-element-populated\">\n\t\t\t\t\t\t<div class=\"elementor-element elementor-element-6a8370ae elementor-invisible elementor-widget elementor-widget-heading\" data-id=\"6a8370ae\" data-element_type=\"widget\" data-settings=\"{&quot;_animation&quot;:&quot;fadeInUp&quot;}\" data-widget_type=\"heading.default\">\n\t\t\t\t<div class=\"elementor-widget-container\">\n\t\t\t\t\t<h2 class=\"elementor-heading-title elementor-size-default\">Somos especialistas en equipos de seguridad, protecci\u00f3n y prevenci\u00f3n contra incendios.<\/h2>\t\t\t\t<\/div>\n\t\t\t\t<\/div>\n\t\t\t\t\t<\/div>\n\t\t<\/div>\n\t\t\t\t\t<\/div>\n\t\t<\/section>\n\t\t\t\t<section class=\"elementor-section elementor-top-section elementor-element elementor-element-b85df5a elementor-section-boxed elementor-section-height-default elementor-section-height-default\" data-id=\"b85df5a\" data-element_type=\"section\" data-settings=\"{&quot;background_background&quot;:&quot;classic&quot;}\">\n\t\t\t\t\t\t<div class=\"elementor-container elementor-column-gap-default\">\n\t\t\t\t\t<div class=\"elementor-column elementor-col-50 elementor-top-column elementor-element elementor-element-ef0a4f9\" data-id=\"ef0a4f9\" data-element_type=\"column\">\n\t\t\t<div class=\"elementor-widget-wrap elementor-element-populated\">\n\t\t\t\t\t\t<section class=\"elementor-section elementor-inner-section elementor-element elementor-element-967e318 elementor-section-boxed elementor-section-height-default elementor-section-height-default\" data-id=\"967e318\" data-element_type=\"section\">\n\t\t\t\t\t\t<div class=\"elementor-container elementor-column-gap-default\">\n\t\t\t\t\t<div class=\"elementor-column elementor-col-50 elementor-inner-column elementor-element elementor-element-175582d\" data-id=\"175582d\" data-element_type=\"column\">\n\t\t\t<div class=\"elementor-widget-wrap elementor-element-populated\">\n\t\t\t\t\t\t<div class=\"elementor-element elementor-element-b6cc506 elementor-widget elementor-widget-heading\" data-id=\"b6cc506\" data-element_type=\"widget\" data-widget_type=\"heading.default\">\n\t\t\t\t<div class=\"elementor-widget-container\">\n\t\t\t\t\t<h2 class=\"elementor-heading-title elementor-size-default\">Qui\u00e9nes somos<\/h2>\t\t\t\t<\/div>\n\t\t\t\t<\/div>\n\t\t\t\t\t<\/div>\n\t\t<\/div>\n\t\t\t\t<div class=\"elementor-column elementor-col-50 elementor-inner-column elementor-element elementor-element-2986ff1\" data-id=\"2986ff1\" data-element_type=\"column\">\n\t\t\t<div class=\"elementor-widget-wrap elementor-element-populated\">\n\t\t\t\t\t\t<div class=\"elementor-element elementor-element-6badd5e elementor-widget-divider--view-line elementor-widget elementor-widget-divider\" data-id=\"6badd5e\" data-element_type=\"widget\" data-widget_type=\"divider.default\">\n\t\t\t\t<div class=\"elementor-widget-container\">\n\t\t\t\t\t\t\t<div class=\"elementor-divider\">\n\t\t\t<span class=\"elementor-divider-separator\">\n\t\t\t\t\t\t<\/span>\n\t\t<\/div>\n\t\t\t\t\t\t<\/div>\n\t\t\t\t<\/div>\n\t\t\t\t\t<\/div>\n\t\t<\/div>\n\t\t\t\t\t<\/div>\n\t\t<\/section>\n\t\t\t\t<div class=\"elementor-element elementor-element-09cc049 elementor-widget elementor-widget-text-editor\" data-id=\"09cc049\" data-element_type=\"widget\" data-widget_type=\"text-editor.default\">\n\t\t\t\t<div class=\"elementor-widget-container\">\n\t\t\t\t\t\t\t\t\t<p>FIRE DYNAMIC SOLUTIONS es un proyecto, una empresa dedicada al asesoramiento y suministro de los productos que mejor satisfacen las necesidades del cliente en el sector de la extinci\u00f3n de incendios.<\/p>\t\t\t\t\t\t\t\t<\/div>\n\t\t\t\t<\/div>\n\t\t\t\t<div class=\"elementor-element elementor-element-b109c9a elementor-widget elementor-widget-text-editor\" data-id=\"b109c9a\" data-element_type=\"widget\" data-widget_type=\"text-editor.default\">\n\t\t\t\t<div class=\"elementor-widget-container\">\n\t\t\t\t\t\t\t\t\t<p>Representamos marcas con experiencia mundial, productos certificados que garantizan el cumplimiento de los m\u00e1s altos est\u00e1ndares de calidad, innovaci\u00f3n y tecnolog\u00eda.<br><br><\/p>\t\t\t\t\t\t\t\t<\/div>\n\t\t\t\t<\/div>\n\t\t\t\t<div class=\"elementor-element elementor-element-2a73512 elementor-mobile-align-center elementor-align-center elementor-widget elementor-widget-button\" data-id=\"2a73512\" data-element_type=\"widget\" data-widget_type=\"button.default\">\n\t\t\t\t<div class=\"elementor-widget-container\">\n\t\t\t\t\t\t\t\t\t<div class=\"elementor-button-wrapper\">\n\t\t\t\t\t<a class=\"elementor-button elementor-button-link elementor-size-md elementor-animation-shrink\" href=\"https:\/\/firedynamicsolutions.com\/es\/contacto\/\">\n\t\t\t\t\t\t<span class=\"elementor-button-content-wrapper\">\n\t\t\t\t\t\t\t\t\t<span class=\"elementor-button-text\">Contacto<\/span>\n\t\t\t\t\t<\/span>\n\t\t\t\t\t<\/a>\n\t\t\t\t<\/div>\n\t\t\t\t\t\t\t\t<\/div>\n\t\t\t\t<\/div>\n\t\t\t\t\t<\/div>\n\t\t<\/div>\n\t\t\t\t<div class=\"elementor-column elementor-col-50 elementor-top-column elementor-element elementor-element-422f5bb\" data-id=\"422f5bb\" data-element_type=\"column\" data-settings=\"{&quot;background_background&quot;:&quot;classic&quot;}\">\n\t\t\t<div class=\"elementor-widget-wrap elementor-element-populated\">\n\t\t\t\t\t\t<div class=\"elementor-element elementor-element-f38cab0 elementor-widget elementor-widget-image\" data-id=\"f38cab0\" data-element_type=\"widget\" data-widget_type=\"image.default\">\n\t\t\t\t<div class=\"elementor-widget-container\">\n\t\t\t\t\t\t\t\t\t\t\t\t\t\t\t<img fetchpriority=\"high\" decoding=\"async\" width=\"864\" height=\"864\" src=\"https:\/\/firedynamicsolutions.com\/wp-content\/uploads\/2025\/06\/home3-1-1-1.jpg\" class=\"attachment-full size-full wp-image-332\" alt=\"\" srcset=\"https:\/\/firedynamicsolutions.com\/wp-content\/uploads\/2025\/06\/home3-1-1-1.jpg 864w, https:\/\/firedynamicsolutions.com\/wp-content\/uploads\/2025\/06\/home3-1-1-1-300x300.jpg 300w, https:\/\/firedynamicsolutions.com\/wp-content\/uploads\/2025\/06\/home3-1-1-1-150x150.jpg 150w, https:\/\/firedynamicsolutions.com\/wp-content\/uploads\/2025\/06\/home3-1-1-1-768x768.jpg 768w\" sizes=\"(max-width: 864px) 100vw, 864px\" \/>\t\t\t\t\t\t\t\t\t\t\t\t\t\t\t<\/div>\n\t\t\t\t<\/div>\n\t\t\t\t\t<\/div>\n\t\t<\/div>\n\t\t\t\t\t<\/div>\n\t\t<\/section>\n\t\t\t\t<section class=\"elementor-section elementor-top-section elementor-element elementor-element-483ff8a elementor-reverse-tablet elementor-reverse-mobile elementor-section-boxed elementor-section-height-default elementor-section-height-default\" data-id=\"483ff8a\" data-element_type=\"section\" data-settings=\"{&quot;background_background&quot;:&quot;classic&quot;}\">\n\t\t\t\t\t\t\t<div class=\"elementor-background-overlay\"><\/div>\n\t\t\t\t\t\t\t<div class=\"elementor-container elementor-column-gap-default\">\n\t\t\t\t\t<div class=\"elementor-column elementor-col-50 elementor-top-column elementor-element elementor-element-f5cd15a\" data-id=\"f5cd15a\" data-element_type=\"column\">\n\t\t\t<div class=\"elementor-widget-wrap elementor-element-populated\">\n\t\t\t\t\t\t<div class=\"elementor-element elementor-element-279cef3 elementor-widget elementor-widget-image\" data-id=\"279cef3\" data-element_type=\"widget\" data-widget_type=\"image.default\">\n\t\t\t\t<div class=\"elementor-widget-container\">\n\t\t\t\t\t\t\t\t\t\t\t\t\t\t\t<img decoding=\"async\" width=\"800\" height=\"523\" src=\"https:\/\/firedynamicsolutions.com\/wp-content\/uploads\/2025\/06\/about2-1-1.jpg\" class=\"attachment-full size-full wp-image-1301\" alt=\"\" srcset=\"https:\/\/firedynamicsolutions.com\/wp-content\/uploads\/2025\/06\/about2-1-1.jpg 800w, https:\/\/firedynamicsolutions.com\/wp-content\/uploads\/2025\/06\/about2-1-1-300x196.jpg 300w, https:\/\/firedynamicsolutions.com\/wp-content\/uploads\/2025\/06\/about2-1-1-768x502.jpg 768w\" sizes=\"(max-width: 800px) 100vw, 800px\" \/>\t\t\t\t\t\t\t\t\t\t\t\t\t\t\t<\/div>\n\t\t\t\t<\/div>\n\t\t\t\t\t<\/div>\n\t\t<\/div>\n\t\t\t\t<div class=\"elementor-column elementor-col-50 elementor-top-column elementor-element elementor-element-e1cf246\" data-id=\"e1cf246\" data-element_type=\"column\">\n\t\t\t<div class=\"elementor-widget-wrap elementor-element-populated\">\n\t\t\t\t\t\t<section class=\"elementor-section elementor-inner-section elementor-element elementor-element-729af04 elementor-section-boxed elementor-section-height-default elementor-section-height-default\" data-id=\"729af04\" data-element_type=\"section\">\n\t\t\t\t\t\t<div class=\"elementor-container elementor-column-gap-default\">\n\t\t\t\t\t<div class=\"elementor-column elementor-col-100 elementor-inner-column elementor-element elementor-element-91936a8\" data-id=\"91936a8\" data-element_type=\"column\">\n\t\t\t<div class=\"elementor-widget-wrap elementor-element-populated\">\n\t\t\t\t\t\t<div class=\"elementor-element elementor-element-7b2e98d elementor-widget elementor-widget-counter\" data-id=\"7b2e98d\" data-element_type=\"widget\" data-widget_type=\"counter.default\">\n\t\t\t\t<div class=\"elementor-widget-container\">\n\t\t\t\t\t\t\t<div class=\"elementor-counter\">\n\t\t\t\t\t\t<div class=\"elementor-counter-number-wrapper\">\n\t\t\t\t<span class=\"elementor-counter-number-prefix\"><\/span>\n\t\t\t\t<span class=\"elementor-counter-number\" data-duration=\"2000\" data-to-value=\"20\" data-from-value=\"0\" data-delimiter=\",\">0<\/span>\n\t\t\t\t<span class=\"elementor-counter-number-suffix\"> a\u00f1os<\/span>\n\t\t\t<\/div>\n\t\t<\/div>\n\t\t\t\t\t\t<\/div>\n\t\t\t\t<\/div>\n\t\t\t\t<div class=\"elementor-element elementor-element-ece6932 elementor-widget elementor-widget-heading\" data-id=\"ece6932\" data-element_type=\"widget\" data-widget_type=\"heading.default\">\n\t\t\t\t<div class=\"elementor-widget-container\">\n\t\t\t\t\t<h2 class=\"elementor-heading-title elementor-size-default\"> de amplia experiencia en los mercados internacionales<\/h2>\t\t\t\t<\/div>\n\t\t\t\t<\/div>\n\t\t\t\t\t<\/div>\n\t\t<\/div>\n\t\t\t\t\t<\/div>\n\t\t<\/section>\n\t\t\t\t\t<\/div>\n\t\t<\/div>\n\t\t\t\t\t<\/div>\n\t\t<\/section>\n\t\t\t\t<section class=\"elementor-section elementor-top-section elementor-element elementor-element-6d7f23e elementor-section-height-min-height elementor-section-boxed elementor-section-height-default elementor-section-items-middle\" data-id=\"6d7f23e\" data-element_type=\"section\" data-settings=\"{&quot;background_background&quot;:&quot;classic&quot;}\">\n\t\t\t\t\t\t\t<div class=\"elementor-background-overlay\"><\/div>\n\t\t\t\t\t\t\t<div class=\"elementor-container elementor-column-gap-default\">\n\t\t\t\t\t<div class=\"elementor-column elementor-col-50 elementor-top-column elementor-element elementor-element-1545fff\" data-id=\"1545fff\" data-element_type=\"column\">\n\t\t\t<div class=\"elementor-widget-wrap elementor-element-populated\">\n\t\t\t\t\t\t<div class=\"elementor-element elementor-element-7688c5a elementor-widget elementor-widget-text-editor\" data-id=\"7688c5a\" data-element_type=\"widget\" data-widget_type=\"text-editor.default\">\n\t\t\t\t<div class=\"elementor-widget-container\">\n\t\t\t\t\t\t\t\t\t<p>Nuestro modelo de negocio tiene como objetivo satisfacer las inquietudes y necesidades de nuestros clientes en todo lo relacionado con la seguridad, la prevenci\u00f3n y la lucha contra incendios de una manera integral y profesional.<\/p>\t\t\t\t\t\t\t\t<\/div>\n\t\t\t\t<\/div>\n\t\t\t\t\t<\/div>\n\t\t<\/div>\n\t\t\t\t<div class=\"elementor-column elementor-col-50 elementor-top-column elementor-element elementor-element-d693331\" data-id=\"d693331\" data-element_type=\"column\">\n\t\t\t<div class=\"elementor-widget-wrap elementor-element-populated\">\n\t\t\t\t\t\t<div class=\"elementor-element elementor-element-fefd9d5 elementor-mobile-align-center elementor-align-center elementor-widget elementor-widget-button\" data-id=\"fefd9d5\" data-element_type=\"widget\" data-widget_type=\"button.default\">\n\t\t\t\t<div class=\"elementor-widget-container\">\n\t\t\t\t\t\t\t\t\t<div class=\"elementor-button-wrapper\">\n\t\t\t\t\t<a class=\"elementor-button elementor-button-link elementor-size-md elementor-animation-shrink\" href=\"https:\/\/firedynamicsolutions.com\/es\/contacto\/\">\n\t\t\t\t\t\t<span class=\"elementor-button-content-wrapper\">\n\t\t\t\t\t\t\t\t\t<span class=\"elementor-button-text\">Contacto<\/span>\n\t\t\t\t\t<\/span>\n\t\t\t\t\t<\/a>\n\t\t\t\t<\/div>\n\t\t\t\t\t\t\t\t<\/div>\n\t\t\t\t<\/div>\n\t\t\t\t\t<\/div>\n\t\t<\/div>\n\t\t\t\t\t<\/div>\n\t\t<\/section>\n\t\t\t\t<\/div>\n\t\t","protected":false},"excerpt":{"rendered":"<p>Somos especialistas en equipos de seguridad, protecci\u00f3n y prevenci\u00f3n contra incendios. Qui\u00e9nes somos FIRE DYNAMIC SOLUTIONS es un proyecto, una empresa dedicada al asesoramiento y suministro de los productos que mejor satisfacen las necesidades del cliente en el sector de la extinci\u00f3n de incendios. Representamos marcas con experiencia mundial, productos certificados que garantizan el cumplimiento [&hellip;]<\/p>\n","protected":false},"author":1,"featured_media":0,"parent":0,"menu_order":0,"comment_status":"closed","ping_status":"closed","template":"elementor_header_footer","meta":{"footnotes":""},"class_list":["post-2254","page","type-page","status-publish","hentry"],"yoast_head":"<!-- This site is optimized with the Yoast SEO plugin v26.5 - https:\/\/yoast.com\/wordpress\/plugins\/seo\/ -->\n<title>Sobre nosotros - Fire dynamic solution<\/title>\n<meta name=\"robots\" content=\"index, follow, max-snippet:-1, max-image-preview:large, max-video-preview:-1\" \/>\n<link rel=\"canonical\" href=\"https:\/\/firedynamicsolutions.com\/about-us\/\" \/>\n<meta property=\"og:locale\" content=\"es_ES\" \/>\n<meta property=\"og:type\" content=\"article\" \/>\n<meta property=\"og:title\" content=\"Sobre nosotros - Fire dynamic solution\" \/>\n<meta property=\"og:description\" content=\"Somos especialistas en equipos de seguridad, protecci\u00f3n y prevenci\u00f3n contra incendios. Qui\u00e9nes somos FIRE DYNAMIC SOLUTIONS es un proyecto, una empresa dedicada al asesoramiento y suministro de los productos que mejor satisfacen las necesidades del cliente en el sector de la extinci\u00f3n de incendios. Representamos marcas con experiencia mundial, productos certificados que garantizan el cumplimiento [&hellip;]\" \/>\n<meta property=\"og:url\" content=\"https:\/\/firedynamicsolutions.com\/about-us\/\" \/>\n<meta property=\"og:site_name\" content=\"Fire dynamic solution\" \/>\n<meta property=\"article:modified_time\" content=\"2025-09-03T14:18:08+00:00\" \/>\n<meta property=\"og:image\" content=\"https:\/\/firedynamicsolutions.com\/wp-content\/uploads\/2025\/06\/home3-1-1-1.jpg\" \/>\n\t<meta property=\"og:image:width\" content=\"864\" \/>\n\t<meta property=\"og:image:height\" content=\"864\" \/>\n\t<meta property=\"og:image:type\" content=\"image\/jpeg\" \/>\n<meta name=\"twitter:card\" content=\"summary_large_image\" \/>\n<meta name=\"twitter:label1\" content=\"Tiempo de lectura\" \/>\n\t<meta name=\"twitter:data1\" content=\"1 minuto\" \/>\n<script type=\"application\/ld+json\" class=\"yoast-schema-graph\">{\"@context\":\"https:\/\/schema.org\",\"@graph\":[{\"@type\":\"WebPage\",\"@id\":\"https:\/\/firedynamicsolutions.com\/about-us\/\",\"url\":\"https:\/\/firedynamicsolutions.com\/about-us\/\",\"name\":\"Sobre nosotros - Fire dynamic solution\",\"isPartOf\":{\"@id\":\"https:\/\/firedynamicsolutions.com\/#website\"},\"primaryImageOfPage\":{\"@id\":\"https:\/\/firedynamicsolutions.com\/about-us\/#primaryimage\"},\"image\":{\"@id\":\"https:\/\/firedynamicsolutions.com\/about-us\/#primaryimage\"},\"thumbnailUrl\":\"https:\/\/firedynamicsolutions.com\/wp-content\/uploads\/2025\/06\/home3-1-1-1.jpg\",\"datePublished\":\"2025-06-11T23:19:59+00:00\",\"dateModified\":\"2025-09-03T14:18:08+00:00\",\"breadcrumb\":{\"@id\":\"https:\/\/firedynamicsolutions.com\/about-us\/#breadcrumb\"},\"inLanguage\":\"es\",\"potentialAction\":[{\"@type\":\"ReadAction\",\"target\":[\"https:\/\/firedynamicsolutions.com\/about-us\/\"]}]},{\"@type\":\"ImageObject\",\"inLanguage\":\"es\",\"@id\":\"https:\/\/firedynamicsolutions.com\/about-us\/#primaryimage\",\"url\":\"https:\/\/firedynamicsolutions.com\/wp-content\/uploads\/2025\/06\/home3-1-1-1.jpg\",\"contentUrl\":\"https:\/\/firedynamicsolutions.com\/wp-content\/uploads\/2025\/06\/home3-1-1-1.jpg\"},{\"@type\":\"BreadcrumbList\",\"@id\":\"https:\/\/firedynamicsolutions.com\/about-us\/#breadcrumb\",\"itemListElement\":[{\"@type\":\"ListItem\",\"position\":1,\"name\":\"Home\",\"item\":\"https:\/\/firedynamicsolutions.com\/\"},{\"@type\":\"ListItem\",\"position\":2,\"name\":\"Sobre nosotros\"}]},{\"@type\":\"WebSite\",\"@id\":\"https:\/\/firedynamicsolutions.com\/#website\",\"url\":\"https:\/\/firedynamicsolutions.com\/\",\"name\":\"Fire dynamic solution\",\"description\":\"\",\"potentialAction\":[{\"@type\":\"SearchAction\",\"target\":{\"@type\":\"EntryPoint\",\"urlTemplate\":\"https:\/\/firedynamicsolutions.com\/?s={search_term_string}\"},\"query-input\":{\"@type\":\"PropertyValueSpecification\",\"valueRequired\":true,\"valueName\":\"search_term_string\"}}],\"inLanguage\":\"es\"}]}<\/script>\n<!-- \/ Yoast SEO plugin. -->","yoast_head_json":{"title":"Sobre nosotros - Fire dynamic solution","robots":{"index":"index","follow":"follow","max-snippet":"max-snippet:-1","max-image-preview":"max-image-preview:large","max-video-preview":"max-video-preview:-1"},"canonical":"https:\/\/firedynamicsolutions.com\/about-us\/","og_locale":"es_ES","og_type":"article","og_title":"Sobre nosotros - Fire dynamic solution","og_description":"Somos especialistas en equipos de seguridad, protecci\u00f3n y prevenci\u00f3n contra incendios. Qui\u00e9nes somos FIRE DYNAMIC SOLUTIONS es un proyecto, una empresa dedicada al asesoramiento y suministro de los productos que mejor satisfacen las necesidades del cliente en el sector de la extinci\u00f3n de incendios. Representamos marcas con experiencia mundial, productos certificados que garantizan el cumplimiento [&hellip;]","og_url":"https:\/\/firedynamicsolutions.com\/about-us\/","og_site_name":"Fire dynamic solution","article_modified_time":"2025-09-03T14:18:08+00:00","og_image":[{"width":864,"height":864,"url":"https:\/\/firedynamicsolutions.com\/wp-content\/uploads\/2025\/06\/home3-1-1-1.jpg","type":"image\/jpeg"}],"twitter_card":"summary_large_image","twitter_misc":{"Tiempo de lectura":"1 minuto"},"schema":{"@context":"https:\/\/schema.org","@graph":[{"@type":"WebPage","@id":"https:\/\/firedynamicsolutions.com\/about-us\/","url":"https:\/\/firedynamicsolutions.com\/about-us\/","name":"Sobre nosotros - Fire dynamic solution","isPartOf":{"@id":"https:\/\/firedynamicsolutions.com\/#website"},"primaryImageOfPage":{"@id":"https:\/\/firedynamicsolutions.com\/about-us\/#primaryimage"},"image":{"@id":"https:\/\/firedynamicsolutions.com\/about-us\/#primaryimage"},"thumbnailUrl":"https:\/\/firedynamicsolutions.com\/wp-content\/uploads\/2025\/06\/home3-1-1-1.jpg","datePublished":"2025-06-11T23:19:59+00:00","dateModified":"2025-09-03T14:18:08+00:00","breadcrumb":{"@id":"https:\/\/firedynamicsolutions.com\/about-us\/#breadcrumb"},"inLanguage":"es","potentialAction":[{"@type":"ReadAction","target":["https:\/\/firedynamicsolutions.com\/about-us\/"]}]},{"@type":"ImageObject","inLanguage":"es","@id":"https:\/\/firedynamicsolutions.com\/about-us\/#primaryimage","url":"https:\/\/firedynamicsolutions.com\/wp-content\/uploads\/2025\/06\/home3-1-1-1.jpg","contentUrl":"https:\/\/firedynamicsolutions.com\/wp-content\/uploads\/2025\/06\/home3-1-1-1.jpg"},{"@type":"BreadcrumbList","@id":"https:\/\/firedynamicsolutions.com\/about-us\/#breadcrumb","itemListElement":[{"@type":"ListItem","position":1,"name":"Home","item":"https:\/\/firedynamicsolutions.com\/"},{"@type":"ListItem","position":2,"name":"Sobre nosotros"}]},{"@type":"WebSite","@id":"https:\/\/firedynamicsolutions.com\/#website","url":"https:\/\/firedynamicsolutions.com\/","name":"Fire dynamic solution","description":"","potentialAction":[{"@type":"SearchAction","target":{"@type":"EntryPoint","urlTemplate":"https:\/\/firedynamicsolutions.com\/?s={search_term_string}"},"query-input":{"@type":"PropertyValueSpecification","valueRequired":true,"valueName":"search_term_string"}}],"inLanguage":"es"}]}},"_links":{"self":[{"href":"https:\/\/firedynamicsolutions.com\/es\/wp-json\/wp\/v2\/pages\/2254","targetHints":{"allow":["GET"]}}],"collection":[{"href":"https:\/\/firedynamicsolutions.com\/es\/wp-json\/wp\/v2\/pages"}],"about":[{"href":"https:\/\/firedynamicsolutions.com\/es\/wp-json\/wp\/v2\/types\/page"}],"author":[{"embeddable":true,"href":"https:\/\/firedynamicsolutions.com\/es\/wp-json\/wp\/v2\/users\/1"}],"replies":[{"embeddable":true,"href":"https:\/\/firedynamicsolutions.com\/es\/wp-json\/wp\/v2\/comments?post=2254"}],"version-history":[{"count":3,"href":"https:\/\/firedynamicsolutions.com\/es\/wp-json\/wp\/v2\/pages\/2254\/revisions"}],"predecessor-version":[{"id":2266,"href":"https:\/\/firedynamicsolutions.com\/es\/wp-json\/wp\/v2\/pages\/2254\/revisions\/2266"}],"wp:attachment":[{"href":"https:\/\/firedynamicsolutions.com\/es\/wp-json\/wp\/v2\/media?parent=2254"}],"curies":[{"name":"wp","href":"https:\/\/api.w.org\/{rel}","templated":true}]}}